{"id":181,"date":"2021-10-17T18:07:50","date_gmt":"2021-10-17T21:07:50","guid":{"rendered":"https:\/\/matizes.org.br\/site\/?page_id=181"},"modified":"2023-04-03T18:21:56","modified_gmt":"2023-04-03T21:21:56","slug":"quem-somos","status":"publish","type":"page","link":"https:\/\/matizes.org.br\/site\/quem-somos\/","title":{"rendered":"Quem Somos"},"content":{"rendered":"\t\t<div data-elementor-type=\"wp-page\" data-elementor-id=\"181\" class=\"elementor elementor-181\" data-elementor-post-type=\"page\">\n\t\t\t\t\t\t<section class=\"elementor-section elementor-top-section elementor-element elementor-element-3f085499 elementor-section-boxed elementor-section-height-default elementor-section-height-default\" data-id=\"3f085499\" data-element_type=\"section\" data-e-type=\"section\">\n\t\t\t\t\t\t<div class=\"elementor-container elementor-column-gap-default\">\n\t\t\t\t\t<div class=\"elementor-column elementor-col-100 elementor-top-column elementor-element elementor-element-55a95748\" data-id=\"55a95748\" data-element_type=\"column\" data-e-type=\"column\">\n\t\t\t<div class=\"elementor-widget-wrap elementor-element-populated\">\n\t\t\t\t\t\t<div class=\"elementor-element elementor-element-395245d1 elementor-widget elementor-widget-text-editor\" data-id=\"395245d1\" data-element_type=\"widget\" data-e-type=\"widget\" data-widget_type=\"text-editor.default\">\n\t\t\t\t<div class=\"elementor-widget-container\">\n\t\t\t\t\t\t\t\t\t<p><\/p>\n<p>O <b>Grupo Matizes <\/b>\u00e9 uma associa\u00e7\u00e3o civil sem fins lucrativos, <b>fundada em 18 de maio de 2002<\/b>, cuja miss\u00e3o \u00e9 a defesa dos direitos humanos, com \u00eanfase na defesa de l\u00e9sbicas, gays, bissexuais, travestis e transexuais (LGBT+). <b>Reconhecida entidade de utilidade p\u00fablica<\/b> pela Lei Estadual N\u00ba 5811\/2008, <b>possui assento<\/b> nos Conselhos Estadual de Direitos Humanos, nos Conselhos Estadual e Municipal LGBT e no F\u00f3rum Municipal de Educa\u00e7\u00e3o. <b>\u00c9 filiada<\/b> ao Movimento Nacional de Direitos Humanos e ao F\u00f3rum de Ong&#8217;s\/AIDS do Piau\u00ed.&nbsp;<\/p>\n<p>Desde 2002, o Matizes realiza a<b> Parada da Diversidade<\/b>, maior evento de rua organizado por uma entidade da sociedade civil em Teresina. Outro evento importante que organiza anualmente \u00e9 a <b>Semana do Orgulho de Ser<\/b>, um importante espa\u00e7o de forma\u00e7\u00e3o e atualiza\u00e7\u00e3o para servidores p\u00fablicos, estudantes, professores e outras pessoas interessadas no tema dos direitos de pessoas LGBT+.&nbsp;<br><\/p>\n<p>Em 20 anos de atua\u00e7\u00e3o, <b>o Grupo Matizes tem se articulado em rede para viabilizar importantes eventos para discuss\u00e3o<\/b> de temas ligados aos direitos humanos, dentre eles: <b>I) Semin\u00e1rio Piauiense sobre Direitos Sexuais, Direitos Reprodutivos e Religi\u00e3o<\/b> (em parceria com Cat\u00f3licas pelo Direito de Decidir); <b>II) Encontro Nordestino de L\u00e9sbicas e Mulheres Bissexuais<\/b>, em 2005 (em parceria com a Liga Brasileira de L\u00e9sbicas); <b>III) Encontro Piauiense de L\u00e9sbicas Negras<\/b>, em 2011 (em parceria com CANDACE e Liga Brasileira de L\u00e9sbicas); <b>IV) Encontro Piauiense de L\u00e9sbicas e Mulheres Bissexuais<\/b> e V) <b>1\u00ba Col\u00f3quio sobre Aten\u00e7\u00e3o Integral a Sa\u00fade de Mulheres L\u00e9sbicas e Bissexuais<\/b>, em 2014 (em parceria com o N\u00facleo Corpo e Sexualidade e N\u00facleo de Pesquisa e Extens\u00e3o em Sa\u00fade da Mulher da Universidade Estadual do Piau\u00ed).&nbsp;<\/p><p>Em 2016, o Matizes foi uma das entidades organizadoras do<b> 9\u00ba Semin\u00e1rio Nacional de L\u00e9sbicas e Mulheres Bissexuais<\/b>, realizado em Teresina, de 09 a 12 de junho desse ano.<br><\/p>\n<p><b>O Grupo teve tamb\u00e9m suas a\u00e7\u00f5es apoiadas por diversos financiadores de projetos<\/b>. Citam-se alguns projetos<b> <\/b>executados: 1) Direitos Humanos na Berlinda (financiamento do Fundo Brasil de Direitos Humanos); 2) Direitos Humanos: t\u00f4 dentro! (financiamento da Secretaria Estadual de Sa\u00fade); 3) Fala, preta (financiamento da CESE\/SOS Corpo e Uni\u00e3o Europeia); 4) Nas trilhas do Direito para a conquista da cidadania e Tecendo Direitos, costurando cidadania (financiamento do Minist\u00e9rio da Sa\u00fade); 5) Direitos por inteiro e n\u00e3o pela metade (financiamento da Brazil Foundation); 6) A gente quer viver pleno direito (financiamento do Fundo Posithivo); e 7) A liberdade \u00e9 lil\u00e1s (financiamento do Tribunal de Justi\u00e7a do Piau\u00ed).<br><\/p>\n<p>A atua\u00e7\u00e3o do Grupo Matizes tem sido reconhecida atrav\u00e9s de algumas premia\u00e7\u00f5es: <b>1. Pr\u00eamio Estadual de Direitos Humanos<\/b>, em 2005 (concedido pelo Conselho Estadual de Defesa dos Direitos Humanos); <b>2. Pr\u00eamio Estadual de Inclus\u00e3o Social<\/b>, em 2012 (concedido pelo Sistema Meio Norte de Comunica\u00e7\u00e3o); <b>3. Medalha do M\u00e9rito Legislativo<\/b>, em 2014 (concedida pela Assembleia Legislativa do Piau\u00ed); e <b>4. Men\u00e7\u00e3o honrosa pela atua\u00e7\u00e3o na Defesa dos Direitos Humanos<\/b>, em 2015 (concedida pela Universidade Estadual do Piau\u00ed).<br><\/p>\n<p><b>Atualmente<\/b>,<b> a diretoria colegiada do Grupo Matizes \u00e9 composta pelos seguintes membros<\/b>: Maria Jos\u00e9 Ventura (Coordenadora Geral), Marinalva Santana (2\u00aa Coordenadora Geral), Roger Marinho Castelo Branco (Coordenador de Finan\u00e7as), Herbert Medeiros (Coordenador de Comunica\u00e7\u00e3o) e Carmen L\u00facia Ribeiro (Coordenadora de Assuntos Institucionais).<\/p><p><br><\/p>\n<p><\/p>\t\t\t\t\t\t\t\t<\/div>\n\t\t\t\t<\/div>\n\t\t\t\t\t<\/div>\n\t\t<\/div>\n\t\t\t\t\t<\/div>\n\t\t<\/section>\n\t\t\t\t<\/div>\n\t\t","protected":false},"excerpt":{"rendered":"<p>O Grupo Matizes \u00e9 uma associa\u00e7\u00e3o civil sem fins lucrativos, fundada em 18 de maio de 2002, cuja miss\u00e3o \u00e9 a defesa dos direitos humanos, com \u00eanfase na defesa de l\u00e9sbicas, gays, bissexuais, travestis e transexuais (LGBT+). Reconhecida entidade de utilidade p\u00fablica pela Lei Estadual N\u00ba 5811\/2008, possui assento nos Conselhos Estadual de Direitos Humanos, [&hellip;]<\/p>\n","protected":false},"author":1,"featured_media":0,"parent":0,"menu_order":0,"comment_status":"closed","ping_status":"closed","template":"","meta":{"footnotes":""},"class_list":["post-181","page","type-page","status-publish","hentry"],"yoast_head":"<!-- This site is optimized with the Yoast SEO plugin v27.1.1 - https:\/\/yoast.com\/product\/yoast-seo-wordpress\/ -->\n<title>Quem Somos - Grupo Matizes - Teresina - Piau\u00ed<\/title>\n<meta name=\"robots\" content=\"index, follow, max-snippet:-1, max-image-preview:large, max-video-preview:-1\" \/>\n<link rel=\"canonical\" href=\"https:\/\/matizes.org.br\/site\/quem-somos\/\" \/>\n<meta property=\"og:locale\" content=\"pt_BR\" \/>\n<meta property=\"og:type\" content=\"article\" \/>\n<meta property=\"og:title\" content=\"Quem Somos - Grupo Matizes - Teresina - Piau\u00ed\" \/>\n<meta property=\"og:description\" content=\"O Grupo Matizes \u00e9 uma associa\u00e7\u00e3o civil sem fins lucrativos, fundada em 18 de maio de 2002, cuja miss\u00e3o \u00e9 a defesa dos direitos humanos, com \u00eanfase na defesa de l\u00e9sbicas, gays, bissexuais, travestis e transexuais (LGBT+). Reconhecida entidade de utilidade p\u00fablica pela Lei Estadual N\u00ba 5811\/2008, possui assento nos Conselhos Estadual de Direitos Humanos, [&hellip;]\" \/>\n<meta property=\"og:url\" content=\"https:\/\/matizes.org.br\/site\/quem-somos\/\" \/>\n<meta property=\"og:site_name\" content=\"Grupo Matizes - Teresina - Piau\u00ed\" \/>\n<meta property=\"article:publisher\" content=\"https:\/\/www.facebook.com\/grupomatizes\/\" \/>\n<meta property=\"article:modified_time\" content=\"2023-04-03T21:21:56+00:00\" \/>\n<meta name=\"twitter:card\" content=\"summary_large_image\" \/>\n<meta name=\"twitter:label1\" content=\"Est. tempo de leitura\" \/>\n\t<meta name=\"twitter:data1\" content=\"2 minutos\" \/>\n<script type=\"application\/ld+json\" class=\"yoast-schema-graph\">{\"@context\":\"https:\/\/schema.org\",\"@graph\":[{\"@type\":\"WebPage\",\"@id\":\"https:\/\/matizes.org.br\/site\/quem-somos\/\",\"url\":\"https:\/\/matizes.org.br\/site\/quem-somos\/\",\"name\":\"Quem Somos - Grupo Matizes - Teresina - Piau\u00ed\",\"isPartOf\":{\"@id\":\"https:\/\/matizes.org.br\/site\/#website\"},\"datePublished\":\"2021-10-17T21:07:50+00:00\",\"dateModified\":\"2023-04-03T21:21:56+00:00\",\"breadcrumb\":{\"@id\":\"https:\/\/matizes.org.br\/site\/quem-somos\/#breadcrumb\"},\"inLanguage\":\"pt-BR\",\"potentialAction\":[{\"@type\":\"ReadAction\",\"target\":[\"https:\/\/matizes.org.br\/site\/quem-somos\/\"]}]},{\"@type\":\"BreadcrumbList\",\"@id\":\"https:\/\/matizes.org.br\/site\/quem-somos\/#breadcrumb\",\"itemListElement\":[{\"@type\":\"ListItem\",\"position\":1,\"name\":\"In\u00edcio\",\"item\":\"https:\/\/matizes.org.br\/site\/\"},{\"@type\":\"ListItem\",\"position\":2,\"name\":\"Quem Somos\"}]},{\"@type\":\"WebSite\",\"@id\":\"https:\/\/matizes.org.br\/site\/#website\",\"url\":\"https:\/\/matizes.org.br\/site\/\",\"name\":\"Grupo Matizes - Teresina - Piau\u00ed\",\"description\":\"Pela livre express\u00e3o sexual\",\"publisher\":{\"@id\":\"https:\/\/matizes.org.br\/site\/#organization\"},\"potentialAction\":[{\"@type\":\"SearchAction\",\"target\":{\"@type\":\"EntryPoint\",\"urlTemplate\":\"https:\/\/matizes.org.br\/site\/?s={search_term_string}\"},\"query-input\":{\"@type\":\"PropertyValueSpecification\",\"valueRequired\":true,\"valueName\":\"search_term_string\"}}],\"inLanguage\":\"pt-BR\"},{\"@type\":\"Organization\",\"@id\":\"https:\/\/matizes.org.br\/site\/#organization\",\"name\":\"Grupo Matizes - Pela livre express\u00e3o sexual\",\"url\":\"https:\/\/matizes.org.br\/site\/\",\"logo\":{\"@type\":\"ImageObject\",\"inLanguage\":\"pt-BR\",\"@id\":\"https:\/\/matizes.org.br\/site\/#\/schema\/logo\/image\/\",\"url\":\"https:\/\/matizes.org.br\/site\/wp-content\/uploads\/2021\/10\/matizes-logo-site.png\",\"contentUrl\":\"https:\/\/matizes.org.br\/site\/wp-content\/uploads\/2021\/10\/matizes-logo-site.png\",\"width\":460,\"height\":123,\"caption\":\"Grupo Matizes - Pela livre express\u00e3o sexual\"},\"image\":{\"@id\":\"https:\/\/matizes.org.br\/site\/#\/schema\/logo\/image\/\"},\"sameAs\":[\"https:\/\/www.facebook.com\/grupomatizes\/\",\"https:\/\/www.instagram.com\/matizesteresina\/\",\"https:\/\/www.youtube.com\/user\/matizes1000\/videos\"]}]}<\/script>\n<!-- \/ Yoast SEO plugin. -->","yoast_head_json":{"title":"Quem Somos - Grupo Matizes - Teresina - Piau\u00ed","robots":{"index":"index","follow":"follow","max-snippet":"max-snippet:-1","max-image-preview":"max-image-preview:large","max-video-preview":"max-video-preview:-1"},"canonical":"https:\/\/matizes.org.br\/site\/quem-somos\/","og_locale":"pt_BR","og_type":"article","og_title":"Quem Somos - Grupo Matizes - Teresina - Piau\u00ed","og_description":"O Grupo Matizes \u00e9 uma associa\u00e7\u00e3o civil sem fins lucrativos, fundada em 18 de maio de 2002, cuja miss\u00e3o \u00e9 a defesa dos direitos humanos, com \u00eanfase na defesa de l\u00e9sbicas, gays, bissexuais, travestis e transexuais (LGBT+). Reconhecida entidade de utilidade p\u00fablica pela Lei Estadual N\u00ba 5811\/2008, possui assento nos Conselhos Estadual de Direitos Humanos, [&hellip;]","og_url":"https:\/\/matizes.org.br\/site\/quem-somos\/","og_site_name":"Grupo Matizes - Teresina - Piau\u00ed","article_publisher":"https:\/\/www.facebook.com\/grupomatizes\/","article_modified_time":"2023-04-03T21:21:56+00:00","twitter_card":"summary_large_image","twitter_misc":{"Est. tempo de leitura":"2 minutos"},"schema":{"@context":"https:\/\/schema.org","@graph":[{"@type":"WebPage","@id":"https:\/\/matizes.org.br\/site\/quem-somos\/","url":"https:\/\/matizes.org.br\/site\/quem-somos\/","name":"Quem Somos - Grupo Matizes - Teresina - Piau\u00ed","isPartOf":{"@id":"https:\/\/matizes.org.br\/site\/#website"},"datePublished":"2021-10-17T21:07:50+00:00","dateModified":"2023-04-03T21:21:56+00:00","breadcrumb":{"@id":"https:\/\/matizes.org.br\/site\/quem-somos\/#breadcrumb"},"inLanguage":"pt-BR","potentialAction":[{"@type":"ReadAction","target":["https:\/\/matizes.org.br\/site\/quem-somos\/"]}]},{"@type":"BreadcrumbList","@id":"https:\/\/matizes.org.br\/site\/quem-somos\/#breadcrumb","itemListElement":[{"@type":"ListItem","position":1,"name":"In\u00edcio","item":"https:\/\/matizes.org.br\/site\/"},{"@type":"ListItem","position":2,"name":"Quem Somos"}]},{"@type":"WebSite","@id":"https:\/\/matizes.org.br\/site\/#website","url":"https:\/\/matizes.org.br\/site\/","name":"Grupo Matizes - Teresina - Piau\u00ed","description":"Pela livre express\u00e3o sexual","publisher":{"@id":"https:\/\/matizes.org.br\/site\/#organization"},"potentialAction":[{"@type":"SearchAction","target":{"@type":"EntryPoint","urlTemplate":"https:\/\/matizes.org.br\/site\/?s={search_term_string}"},"query-input":{"@type":"PropertyValueSpecification","valueRequired":true,"valueName":"search_term_string"}}],"inLanguage":"pt-BR"},{"@type":"Organization","@id":"https:\/\/matizes.org.br\/site\/#organization","name":"Grupo Matizes - Pela livre express\u00e3o sexual","url":"https:\/\/matizes.org.br\/site\/","logo":{"@type":"ImageObject","inLanguage":"pt-BR","@id":"https:\/\/matizes.org.br\/site\/#\/schema\/logo\/image\/","url":"https:\/\/matizes.org.br\/site\/wp-content\/uploads\/2021\/10\/matizes-logo-site.png","contentUrl":"https:\/\/matizes.org.br\/site\/wp-content\/uploads\/2021\/10\/matizes-logo-site.png","width":460,"height":123,"caption":"Grupo Matizes - Pela livre express\u00e3o sexual"},"image":{"@id":"https:\/\/matizes.org.br\/site\/#\/schema\/logo\/image\/"},"sameAs":["https:\/\/www.facebook.com\/grupomatizes\/","https:\/\/www.instagram.com\/matizesteresina\/","https:\/\/www.youtube.com\/user\/matizes1000\/videos"]}]}},"_links":{"self":[{"href":"https:\/\/matizes.org.br\/site\/wp-json\/wp\/v2\/pages\/181","targetHints":{"allow":["GET"]}}],"collection":[{"href":"https:\/\/matizes.org.br\/site\/wp-json\/wp\/v2\/pages"}],"about":[{"href":"https:\/\/matizes.org.br\/site\/wp-json\/wp\/v2\/types\/page"}],"author":[{"embeddable":true,"href":"https:\/\/matizes.org.br\/site\/wp-json\/wp\/v2\/users\/1"}],"replies":[{"embeddable":true,"href":"https:\/\/matizes.org.br\/site\/wp-json\/wp\/v2\/comments?post=181"}],"version-history":[{"count":44,"href":"https:\/\/matizes.org.br\/site\/wp-json\/wp\/v2\/pages\/181\/revisions"}],"predecessor-version":[{"id":1173,"href":"https:\/\/matizes.org.br\/site\/wp-json\/wp\/v2\/pages\/181\/revisions\/1173"}],"wp:attachment":[{"href":"https:\/\/matizes.org.br\/site\/wp-json\/wp\/v2\/media?parent=181"}],"curies":[{"name":"wp","href":"https:\/\/api.w.org\/{rel}","templated":true}]}}