{"id":225,"date":"2021-10-17T19:06:07","date_gmt":"2021-10-17T22:06:07","guid":{"rendered":"https:\/\/matizes.org.br\/site\/?page_id=225"},"modified":"2022-01-10T11:28:01","modified_gmt":"2022-01-10T14:28:01","slug":"projetos","status":"publish","type":"page","link":"https:\/\/matizes.org.br\/site\/projetos\/","title":{"rendered":"Projetos"},"content":{"rendered":"\t\t<div data-elementor-type=\"wp-page\" data-elementor-id=\"225\" class=\"elementor elementor-225\" data-elementor-post-type=\"page\">\n\t\t\t\t\t\t<section class=\"elementor-section elementor-top-section elementor-element elementor-element-1d186cc elementor-section-boxed elementor-section-height-default elementor-section-height-default\" data-id=\"1d186cc\" data-element_type=\"section\" data-e-type=\"section\">\n\t\t\t\t\t\t<div class=\"elementor-container elementor-column-gap-default\">\n\t\t\t\t\t<div class=\"elementor-column elementor-col-100 elementor-top-column elementor-element elementor-element-0ddde79\" data-id=\"0ddde79\" data-element_type=\"column\" data-e-type=\"column\">\n\t\t\t<div class=\"elementor-widget-wrap elementor-element-populated\">\n\t\t\t\t\t\t<div class=\"elementor-element elementor-element-2681f86 elementor-widget elementor-widget-text-editor\" data-id=\"2681f86\" data-element_type=\"widget\" data-e-type=\"widget\" data-widget_type=\"text-editor.default\">\n\t\t\t\t<div class=\"elementor-widget-container\">\n\t\t\t\t\t\t\t\t\t<p>P\u00c1GINA EM ATUALIZA\u00c7\u00c3O<\/p>\t\t\t\t\t\t\t\t<\/div>\n\t\t\t\t<\/div>\n\t\t\t\t\t<\/div>\n\t\t<\/div>\n\t\t\t\t\t<\/div>\n\t\t<\/section>\n\t\t\t\t<\/div>\n\t\t","protected":false},"excerpt":{"rendered":"<p>P\u00c1GINA EM ATUALIZA\u00c7\u00c3O<\/p>\n","protected":false},"author":1,"featured_media":0,"parent":0,"menu_order":0,"comment_status":"closed","ping_status":"closed","template":"","meta":{"footnotes":""},"class_list":["post-225","page","type-page","status-publish","hentry"],"yoast_head":"<!-- This site is optimized with the Yoast SEO plugin v27.1.1 - https:\/\/yoast.com\/product\/yoast-seo-wordpress\/ -->\n<title>Projetos - Grupo Matizes - Teresina - Piau\u00ed<\/title>\n<meta name=\"robots\" content=\"index, follow, max-snippet:-1, max-image-preview:large, max-video-preview:-1\" \/>\n<link rel=\"canonical\" href=\"https:\/\/matizes.org.br\/site\/projetos\/\" \/>\n<meta property=\"og:locale\" content=\"pt_BR\" \/>\n<meta property=\"og:type\" content=\"article\" \/>\n<meta property=\"og:title\" content=\"Projetos - Grupo Matizes - Teresina - Piau\u00ed\" \/>\n<meta property=\"og:description\" content=\"P\u00c1GINA EM ATUALIZA\u00c7\u00c3O\" \/>\n<meta property=\"og:url\" content=\"https:\/\/matizes.org.br\/site\/projetos\/\" \/>\n<meta property=\"og:site_name\" content=\"Grupo Matizes - Teresina - Piau\u00ed\" \/>\n<meta property=\"article:publisher\" content=\"https:\/\/www.facebook.com\/grupomatizes\/\" \/>\n<meta property=\"article:modified_time\" content=\"2022-01-10T14:28:01+00:00\" \/>\n<meta name=\"twitter:card\" content=\"summary_large_image\" \/>\n<meta name=\"twitter:label1\" content=\"Est. tempo de leitura\" \/>\n\t<meta name=\"twitter:data1\" content=\"1 minuto\" \/>\n<script type=\"application\/ld+json\" class=\"yoast-schema-graph\">{\"@context\":\"https:\/\/schema.org\",\"@graph\":[{\"@type\":\"WebPage\",\"@id\":\"https:\/\/matizes.org.br\/site\/projetos\/\",\"url\":\"https:\/\/matizes.org.br\/site\/projetos\/\",\"name\":\"Projetos - Grupo Matizes - Teresina - Piau\u00ed\",\"isPartOf\":{\"@id\":\"https:\/\/matizes.org.br\/site\/#website\"},\"datePublished\":\"2021-10-17T22:06:07+00:00\",\"dateModified\":\"2022-01-10T14:28:01+00:00\",\"breadcrumb\":{\"@id\":\"https:\/\/matizes.org.br\/site\/projetos\/#breadcrumb\"},\"inLanguage\":\"pt-BR\",\"potentialAction\":[{\"@type\":\"ReadAction\",\"target\":[\"https:\/\/matizes.org.br\/site\/projetos\/\"]}]},{\"@type\":\"BreadcrumbList\",\"@id\":\"https:\/\/matizes.org.br\/site\/projetos\/#breadcrumb\",\"itemListElement\":[{\"@type\":\"ListItem\",\"position\":1,\"name\":\"In\u00edcio\",\"item\":\"https:\/\/matizes.org.br\/site\/\"},{\"@type\":\"ListItem\",\"position\":2,\"name\":\"Projetos\"}]},{\"@type\":\"WebSite\",\"@id\":\"https:\/\/matizes.org.br\/site\/#website\",\"url\":\"https:\/\/matizes.org.br\/site\/\",\"name\":\"Grupo Matizes - Teresina - Piau\u00ed\",\"description\":\"Pela livre express\u00e3o sexual\",\"publisher\":{\"@id\":\"https:\/\/matizes.org.br\/site\/#organization\"},\"potentialAction\":[{\"@type\":\"SearchAction\",\"target\":{\"@type\":\"EntryPoint\",\"urlTemplate\":\"https:\/\/matizes.org.br\/site\/?s={search_term_string}\"},\"query-input\":{\"@type\":\"PropertyValueSpecification\",\"valueRequired\":true,\"valueName\":\"search_term_string\"}}],\"inLanguage\":\"pt-BR\"},{\"@type\":\"Organization\",\"@id\":\"https:\/\/matizes.org.br\/site\/#organization\",\"name\":\"Grupo Matizes - Pela livre express\u00e3o sexual\",\"url\":\"https:\/\/matizes.org.br\/site\/\",\"logo\":{\"@type\":\"ImageObject\",\"inLanguage\":\"pt-BR\",\"@id\":\"https:\/\/matizes.org.br\/site\/#\/schema\/logo\/image\/\",\"url\":\"https:\/\/matizes.org.br\/site\/wp-content\/uploads\/2021\/10\/matizes-logo-site.png\",\"contentUrl\":\"https:\/\/matizes.org.br\/site\/wp-content\/uploads\/2021\/10\/matizes-logo-site.png\",\"width\":460,\"height\":123,\"caption\":\"Grupo Matizes - Pela livre express\u00e3o sexual\"},\"image\":{\"@id\":\"https:\/\/matizes.org.br\/site\/#\/schema\/logo\/image\/\"},\"sameAs\":[\"https:\/\/www.facebook.com\/grupomatizes\/\",\"https:\/\/www.instagram.com\/matizesteresina\/\",\"https:\/\/www.youtube.com\/user\/matizes1000\/videos\"]}]}<\/script>\n<!-- \/ Yoast SEO plugin. -->","yoast_head_json":{"title":"Projetos - Grupo Matizes - Teresina - Piau\u00ed","robots":{"index":"index","follow":"follow","max-snippet":"max-snippet:-1","max-image-preview":"max-image-preview:large","max-video-preview":"max-video-preview:-1"},"canonical":"https:\/\/matizes.org.br\/site\/projetos\/","og_locale":"pt_BR","og_type":"article","og_title":"Projetos - Grupo Matizes - Teresina - Piau\u00ed","og_description":"P\u00c1GINA EM ATUALIZA\u00c7\u00c3O","og_url":"https:\/\/matizes.org.br\/site\/projetos\/","og_site_name":"Grupo Matizes - Teresina - Piau\u00ed","article_publisher":"https:\/\/www.facebook.com\/grupomatizes\/","article_modified_time":"2022-01-10T14:28:01+00:00","twitter_card":"summary_large_image","twitter_misc":{"Est. tempo de leitura":"1 minuto"},"schema":{"@context":"https:\/\/schema.org","@graph":[{"@type":"WebPage","@id":"https:\/\/matizes.org.br\/site\/projetos\/","url":"https:\/\/matizes.org.br\/site\/projetos\/","name":"Projetos - Grupo Matizes - Teresina - Piau\u00ed","isPartOf":{"@id":"https:\/\/matizes.org.br\/site\/#website"},"datePublished":"2021-10-17T22:06:07+00:00","dateModified":"2022-01-10T14:28:01+00:00","breadcrumb":{"@id":"https:\/\/matizes.org.br\/site\/projetos\/#breadcrumb"},"inLanguage":"pt-BR","potentialAction":[{"@type":"ReadAction","target":["https:\/\/matizes.org.br\/site\/projetos\/"]}]},{"@type":"BreadcrumbList","@id":"https:\/\/matizes.org.br\/site\/projetos\/#breadcrumb","itemListElement":[{"@type":"ListItem","position":1,"name":"In\u00edcio","item":"https:\/\/matizes.org.br\/site\/"},{"@type":"ListItem","position":2,"name":"Projetos"}]},{"@type":"WebSite","@id":"https:\/\/matizes.org.br\/site\/#website","url":"https:\/\/matizes.org.br\/site\/","name":"Grupo Matizes - Teresina - Piau\u00ed","description":"Pela livre express\u00e3o sexual","publisher":{"@id":"https:\/\/matizes.org.br\/site\/#organization"},"potentialAction":[{"@type":"SearchAction","target":{"@type":"EntryPoint","urlTemplate":"https:\/\/matizes.org.br\/site\/?s={search_term_string}"},"query-input":{"@type":"PropertyValueSpecification","valueRequired":true,"valueName":"search_term_string"}}],"inLanguage":"pt-BR"},{"@type":"Organization","@id":"https:\/\/matizes.org.br\/site\/#organization","name":"Grupo Matizes - Pela livre express\u00e3o sexual","url":"https:\/\/matizes.org.br\/site\/","logo":{"@type":"ImageObject","inLanguage":"pt-BR","@id":"https:\/\/matizes.org.br\/site\/#\/schema\/logo\/image\/","url":"https:\/\/matizes.org.br\/site\/wp-content\/uploads\/2021\/10\/matizes-logo-site.png","contentUrl":"https:\/\/matizes.org.br\/site\/wp-content\/uploads\/2021\/10\/matizes-logo-site.png","width":460,"height":123,"caption":"Grupo Matizes - Pela livre express\u00e3o sexual"},"image":{"@id":"https:\/\/matizes.org.br\/site\/#\/schema\/logo\/image\/"},"sameAs":["https:\/\/www.facebook.com\/grupomatizes\/","https:\/\/www.instagram.com\/matizesteresina\/","https:\/\/www.youtube.com\/user\/matizes1000\/videos"]}]}},"_links":{"self":[{"href":"https:\/\/matizes.org.br\/site\/wp-json\/wp\/v2\/pages\/225","targetHints":{"allow":["GET"]}}],"collection":[{"href":"https:\/\/matizes.org.br\/site\/wp-json\/wp\/v2\/pages"}],"about":[{"href":"https:\/\/matizes.org.br\/site\/wp-json\/wp\/v2\/types\/page"}],"author":[{"embeddable":true,"href":"https:\/\/matizes.org.br\/site\/wp-json\/wp\/v2\/users\/1"}],"replies":[{"embeddable":true,"href":"https:\/\/matizes.org.br\/site\/wp-json\/wp\/v2\/comments?post=225"}],"version-history":[{"count":20,"href":"https:\/\/matizes.org.br\/site\/wp-json\/wp\/v2\/pages\/225\/revisions"}],"predecessor-version":[{"id":924,"href":"https:\/\/matizes.org.br\/site\/wp-json\/wp\/v2\/pages\/225\/revisions\/924"}],"wp:attachment":[{"href":"https:\/\/matizes.org.br\/site\/wp-json\/wp\/v2\/media?parent=225"}],"curies":[{"name":"wp","href":"https:\/\/api.w.org\/{rel}","templated":true}]}}