{"id":512,"date":"2021-10-18T10:34:30","date_gmt":"2021-10-18T13:34:30","guid":{"rendered":"https:\/\/matizes.org.br\/site\/?page_id=512"},"modified":"2021-10-18T14:46:42","modified_gmt":"2021-10-18T17:46:42","slug":"luta-contra-o-precoceito","status":"publish","type":"page","link":"https:\/\/matizes.org.br\/site\/luta-contra-o-precoceito\/","title":{"rendered":"Luta contra o precoceito"},"content":{"rendered":"\t\t<div data-elementor-type=\"wp-page\" data-elementor-id=\"512\" class=\"elementor elementor-512\" data-elementor-post-type=\"page\">\n\t\t\t\t\t\t<section class=\"elementor-section elementor-top-section elementor-element elementor-element-257955f4 elementor-section-boxed elementor-section-height-default elementor-section-height-default\" data-id=\"257955f4\" data-element_type=\"section\" data-e-type=\"section\">\n\t\t\t\t\t\t<div class=\"elementor-container elementor-column-gap-default\">\n\t\t\t\t\t<div class=\"elementor-column elementor-col-100 elementor-top-column elementor-element elementor-element-6c7d4a49\" data-id=\"6c7d4a49\" data-element_type=\"column\" data-e-type=\"column\">\n\t\t\t<div class=\"elementor-widget-wrap elementor-element-populated\">\n\t\t\t\t\t\t<div class=\"elementor-element elementor-element-1322080 elementor-widget elementor-widget-text-editor\" data-id=\"1322080\" data-element_type=\"widget\" data-e-type=\"widget\" data-widget_type=\"text-editor.default\">\n\t\t\t\t<div class=\"elementor-widget-container\">\n\t\t\t\t\t\t\t\t\t\n<p>Em 18 de maio de 2002, foi fundado o Grupo Matizes que priorizava nas suas a\u00e7\u00f5es a luta pelo reconhecimento dos direitos da comunidade LGBT, o grupo trazia para o debate com a sociedade quest\u00f5es de g\u00eanero e sexualidade.<br><br>O Grupo Matizes foi protagonista na conquista de diversos direitos da comunidade LGBT, al\u00e9m de contribuir para consci\u00eancia pol\u00edtica e organizacional do Movimento, por meio de diversas a\u00e7\u00f5es. Como exemplo de a\u00e7\u00f5es e conquistas no \u00e2mbito do direito, podemos citar como mais importantes: Lei Estadual n\u00ba 5431\/2004, que estabelece san\u00e7\u00f5es administrativas para quem discriminar pessoas em raz\u00e3o de orienta\u00e7\u00e3o sexual, Lei Municipal n\u00ba 3.401\/2005, que reconhece as uni\u00f5es est\u00e1veis entre pessoas do mesmo sexo, para fins previdenci\u00e1rios, Pedido de provid\u00eancia junto \u00e0 Corregedoria Geral de Justi\u00e7a do Piau\u00ed, no sentido de que os Cart\u00f3rios do Piau\u00ed registrem as uni\u00f5es entre pessoas do mesmo sexo &#8211; sendo que o Piau\u00ed foi o segundo Estado do pa\u00eds a adotar essa medida -, decreto reconhecendo o nome social das travestis e transexuais, nos \u00f3rg\u00e3os da Administra\u00e7\u00e3o P\u00fablica Estadual, Lei n\u00ba 3969, de 12 de mar\u00e7o de 2010, criando o Conselho Municipal de Direitos da Popula\u00e7\u00e3o LGBT, outras medidas importantes foram tomadas pelo grupo no que diz respeito aos direitos da comunidade.<br><br>Vale lembrar que diversas a\u00e7\u00f5es foram desenvolvidas pelo grupo no que diz respeito a fim de garantir a politiza\u00e7\u00e3o e forma\u00e7\u00e3o de seus militantes, como por exemplo: 1) \u201cDireitos Humanos na Berlinda\u201d, trata-se de oficinas de capacita\u00e7\u00e3o em Direitos Humanos para militantes do movimento social, em 06 munic\u00edpios do Piau\u00ed; 2) \u201cDireitos Humanos: t\u00f4 dentro!\u201d, que consiste em realizar a\u00e7\u00f5es educativas voltadas para jovens, com o intuito de promover os Direitos Humanos e refor\u00e7ar o processo de constru\u00e7\u00e3o de uma cultura de paz; 3) \u201cNas trilhas do Direito para a conquista da cidadania\u201d e \u201cTecendo Direitos, costurando cidadania\u201d, ambos com o foco na assessoria jur\u00eddica e forma\u00e7\u00e3o em Direitos Humanos, tendo como p\u00fablico-alvo LGBTs e pessoas vivendo com HIV\/AIDS v\u00edtimas de viola\u00e7\u00e3o de direitos. E como uma das a\u00e7\u00f5es de maior visibilidade, o Grupo Matizes, junto com outros movimentos, j\u00e1 realizou em seus 15 anos de funda\u00e7\u00e3o, 14 Paradas da Diversidade e 13 edi\u00e7\u00f5es da Semana do Orgulho de Ser.<\/p>\n\t\t\t\t\t\t\t\t<\/div>\n\t\t\t\t<\/div>\n\t\t\t\t\t<\/div>\n\t\t<\/div>\n\t\t\t\t\t<\/div>\n\t\t<\/section>\n\t\t\t\t<\/div>\n\t\t","protected":false},"excerpt":{"rendered":"<p>Em 18 de maio de 2002, foi fundado o Grupo Matizes que priorizava nas suas a\u00e7\u00f5es a luta pelo reconhecimento dos direitos da comunidade LGBT, o grupo trazia para o debate com a sociedade quest\u00f5es de g\u00eanero e sexualidade. O Grupo Matizes foi protagonista na conquista de diversos direitos da comunidade LGBT, al\u00e9m de contribuir [&hellip;]<\/p>\n","protected":false},"author":1,"featured_media":508,"parent":0,"menu_order":0,"comment_status":"closed","ping_status":"closed","template":"","meta":{"footnotes":""},"class_list":["post-512","page","type-page","status-publish","has-post-thumbnail","hentry"],"yoast_head":"<!-- This site is optimized with the Yoast SEO plugin v27.1.1 - https:\/\/yoast.com\/product\/yoast-seo-wordpress\/ -->\n<title>Luta contra o precoceito - Grupo Matizes - Teresina - Piau\u00ed<\/title>\n<meta name=\"robots\" content=\"index, follow, max-snippet:-1, max-image-preview:large, max-video-preview:-1\" \/>\n<link rel=\"canonical\" href=\"https:\/\/matizes.org.br\/site\/luta-contra-o-precoceito\/\" \/>\n<meta property=\"og:locale\" content=\"pt_BR\" \/>\n<meta property=\"og:type\" content=\"article\" \/>\n<meta property=\"og:title\" content=\"Luta contra o precoceito - Grupo Matizes - Teresina - Piau\u00ed\" \/>\n<meta property=\"og:description\" content=\"Em 18 de maio de 2002, foi fundado o Grupo Matizes que priorizava nas suas a\u00e7\u00f5es a luta pelo reconhecimento dos direitos da comunidade LGBT, o grupo trazia para o debate com a sociedade quest\u00f5es de g\u00eanero e sexualidade. O Grupo Matizes foi protagonista na conquista de diversos direitos da comunidade LGBT, al\u00e9m de contribuir [&hellip;]\" \/>\n<meta property=\"og:url\" content=\"https:\/\/matizes.org.br\/site\/luta-contra-o-precoceito\/\" \/>\n<meta property=\"og:site_name\" content=\"Grupo Matizes - Teresina - Piau\u00ed\" \/>\n<meta property=\"article:publisher\" content=\"https:\/\/www.facebook.com\/grupomatizes\/\" \/>\n<meta property=\"article:modified_time\" content=\"2021-10-18T17:46:42+00:00\" \/>\n<meta property=\"og:image\" content=\"https:\/\/matizes.org.br\/site\/wp-content\/uploads\/2021\/10\/lgbt.webp\" \/>\n\t<meta property=\"og:image:width\" content=\"1200\" \/>\n\t<meta property=\"og:image:height\" content=\"800\" \/>\n\t<meta property=\"og:image:type\" content=\"image\/webp\" \/>\n<meta name=\"twitter:card\" content=\"summary_large_image\" \/>\n<meta name=\"twitter:label1\" content=\"Est. tempo de leitura\" \/>\n\t<meta name=\"twitter:data1\" content=\"2 minutos\" \/>\n<script type=\"application\/ld+json\" class=\"yoast-schema-graph\">{\"@context\":\"https:\/\/schema.org\",\"@graph\":[{\"@type\":\"WebPage\",\"@id\":\"https:\/\/matizes.org.br\/site\/luta-contra-o-precoceito\/\",\"url\":\"https:\/\/matizes.org.br\/site\/luta-contra-o-precoceito\/\",\"name\":\"Luta contra o precoceito - Grupo Matizes - Teresina - Piau\u00ed\",\"isPartOf\":{\"@id\":\"https:\/\/matizes.org.br\/site\/#website\"},\"primaryImageOfPage\":{\"@id\":\"https:\/\/matizes.org.br\/site\/luta-contra-o-precoceito\/#primaryimage\"},\"image\":{\"@id\":\"https:\/\/matizes.org.br\/site\/luta-contra-o-precoceito\/#primaryimage\"},\"thumbnailUrl\":\"https:\/\/matizes.org.br\/site\/wp-content\/uploads\/2021\/10\/lgbt.webp\",\"datePublished\":\"2021-10-18T13:34:30+00:00\",\"dateModified\":\"2021-10-18T17:46:42+00:00\",\"breadcrumb\":{\"@id\":\"https:\/\/matizes.org.br\/site\/luta-contra-o-precoceito\/#breadcrumb\"},\"inLanguage\":\"pt-BR\",\"potentialAction\":[{\"@type\":\"ReadAction\",\"target\":[\"https:\/\/matizes.org.br\/site\/luta-contra-o-precoceito\/\"]}]},{\"@type\":\"ImageObject\",\"inLanguage\":\"pt-BR\",\"@id\":\"https:\/\/matizes.org.br\/site\/luta-contra-o-precoceito\/#primaryimage\",\"url\":\"https:\/\/matizes.org.br\/site\/wp-content\/uploads\/2021\/10\/lgbt.webp\",\"contentUrl\":\"https:\/\/matizes.org.br\/site\/wp-content\/uploads\/2021\/10\/lgbt.webp\",\"width\":1200,\"height\":800},{\"@type\":\"BreadcrumbList\",\"@id\":\"https:\/\/matizes.org.br\/site\/luta-contra-o-precoceito\/#breadcrumb\",\"itemListElement\":[{\"@type\":\"ListItem\",\"position\":1,\"name\":\"In\u00edcio\",\"item\":\"https:\/\/matizes.org.br\/site\/\"},{\"@type\":\"ListItem\",\"position\":2,\"name\":\"Luta contra o precoceito\"}]},{\"@type\":\"WebSite\",\"@id\":\"https:\/\/matizes.org.br\/site\/#website\",\"url\":\"https:\/\/matizes.org.br\/site\/\",\"name\":\"Grupo Matizes - Teresina - Piau\u00ed\",\"description\":\"Pela livre express\u00e3o sexual\",\"publisher\":{\"@id\":\"https:\/\/matizes.org.br\/site\/#organization\"},\"potentialAction\":[{\"@type\":\"SearchAction\",\"target\":{\"@type\":\"EntryPoint\",\"urlTemplate\":\"https:\/\/matizes.org.br\/site\/?s={search_term_string}\"},\"query-input\":{\"@type\":\"PropertyValueSpecification\",\"valueRequired\":true,\"valueName\":\"search_term_string\"}}],\"inLanguage\":\"pt-BR\"},{\"@type\":\"Organization\",\"@id\":\"https:\/\/matizes.org.br\/site\/#organization\",\"name\":\"Grupo Matizes - Pela livre express\u00e3o sexual\",\"url\":\"https:\/\/matizes.org.br\/site\/\",\"logo\":{\"@type\":\"ImageObject\",\"inLanguage\":\"pt-BR\",\"@id\":\"https:\/\/matizes.org.br\/site\/#\/schema\/logo\/image\/\",\"url\":\"https:\/\/matizes.org.br\/site\/wp-content\/uploads\/2021\/10\/matizes-logo-site.png\",\"contentUrl\":\"https:\/\/matizes.org.br\/site\/wp-content\/uploads\/2021\/10\/matizes-logo-site.png\",\"width\":460,\"height\":123,\"caption\":\"Grupo Matizes - Pela livre express\u00e3o sexual\"},\"image\":{\"@id\":\"https:\/\/matizes.org.br\/site\/#\/schema\/logo\/image\/\"},\"sameAs\":[\"https:\/\/www.facebook.com\/grupomatizes\/\",\"https:\/\/www.instagram.com\/matizesteresina\/\",\"https:\/\/www.youtube.com\/user\/matizes1000\/videos\"]}]}<\/script>\n<!-- \/ Yoast SEO plugin. -->","yoast_head_json":{"title":"Luta contra o precoceito - Grupo Matizes - Teresina - Piau\u00ed","robots":{"index":"index","follow":"follow","max-snippet":"max-snippet:-1","max-image-preview":"max-image-preview:large","max-video-preview":"max-video-preview:-1"},"canonical":"https:\/\/matizes.org.br\/site\/luta-contra-o-precoceito\/","og_locale":"pt_BR","og_type":"article","og_title":"Luta contra o precoceito - Grupo Matizes - Teresina - Piau\u00ed","og_description":"Em 18 de maio de 2002, foi fundado o Grupo Matizes que priorizava nas suas a\u00e7\u00f5es a luta pelo reconhecimento dos direitos da comunidade LGBT, o grupo trazia para o debate com a sociedade quest\u00f5es de g\u00eanero e sexualidade. O Grupo Matizes foi protagonista na conquista de diversos direitos da comunidade LGBT, al\u00e9m de contribuir [&hellip;]","og_url":"https:\/\/matizes.org.br\/site\/luta-contra-o-precoceito\/","og_site_name":"Grupo Matizes - Teresina - Piau\u00ed","article_publisher":"https:\/\/www.facebook.com\/grupomatizes\/","article_modified_time":"2021-10-18T17:46:42+00:00","og_image":[{"width":1200,"height":800,"url":"https:\/\/matizes.org.br\/site\/wp-content\/uploads\/2021\/10\/lgbt.webp","type":"image\/webp"}],"twitter_card":"summary_large_image","twitter_misc":{"Est. tempo de leitura":"2 minutos"},"schema":{"@context":"https:\/\/schema.org","@graph":[{"@type":"WebPage","@id":"https:\/\/matizes.org.br\/site\/luta-contra-o-precoceito\/","url":"https:\/\/matizes.org.br\/site\/luta-contra-o-precoceito\/","name":"Luta contra o precoceito - Grupo Matizes - Teresina - Piau\u00ed","isPartOf":{"@id":"https:\/\/matizes.org.br\/site\/#website"},"primaryImageOfPage":{"@id":"https:\/\/matizes.org.br\/site\/luta-contra-o-precoceito\/#primaryimage"},"image":{"@id":"https:\/\/matizes.org.br\/site\/luta-contra-o-precoceito\/#primaryimage"},"thumbnailUrl":"https:\/\/matizes.org.br\/site\/wp-content\/uploads\/2021\/10\/lgbt.webp","datePublished":"2021-10-18T13:34:30+00:00","dateModified":"2021-10-18T17:46:42+00:00","breadcrumb":{"@id":"https:\/\/matizes.org.br\/site\/luta-contra-o-precoceito\/#breadcrumb"},"inLanguage":"pt-BR","potentialAction":[{"@type":"ReadAction","target":["https:\/\/matizes.org.br\/site\/luta-contra-o-precoceito\/"]}]},{"@type":"ImageObject","inLanguage":"pt-BR","@id":"https:\/\/matizes.org.br\/site\/luta-contra-o-precoceito\/#primaryimage","url":"https:\/\/matizes.org.br\/site\/wp-content\/uploads\/2021\/10\/lgbt.webp","contentUrl":"https:\/\/matizes.org.br\/site\/wp-content\/uploads\/2021\/10\/lgbt.webp","width":1200,"height":800},{"@type":"BreadcrumbList","@id":"https:\/\/matizes.org.br\/site\/luta-contra-o-precoceito\/#breadcrumb","itemListElement":[{"@type":"ListItem","position":1,"name":"In\u00edcio","item":"https:\/\/matizes.org.br\/site\/"},{"@type":"ListItem","position":2,"name":"Luta contra o precoceito"}]},{"@type":"WebSite","@id":"https:\/\/matizes.org.br\/site\/#website","url":"https:\/\/matizes.org.br\/site\/","name":"Grupo Matizes - Teresina - Piau\u00ed","description":"Pela livre express\u00e3o sexual","publisher":{"@id":"https:\/\/matizes.org.br\/site\/#organization"},"potentialAction":[{"@type":"SearchAction","target":{"@type":"EntryPoint","urlTemplate":"https:\/\/matizes.org.br\/site\/?s={search_term_string}"},"query-input":{"@type":"PropertyValueSpecification","valueRequired":true,"valueName":"search_term_string"}}],"inLanguage":"pt-BR"},{"@type":"Organization","@id":"https:\/\/matizes.org.br\/site\/#organization","name":"Grupo Matizes - Pela livre express\u00e3o sexual","url":"https:\/\/matizes.org.br\/site\/","logo":{"@type":"ImageObject","inLanguage":"pt-BR","@id":"https:\/\/matizes.org.br\/site\/#\/schema\/logo\/image\/","url":"https:\/\/matizes.org.br\/site\/wp-content\/uploads\/2021\/10\/matizes-logo-site.png","contentUrl":"https:\/\/matizes.org.br\/site\/wp-content\/uploads\/2021\/10\/matizes-logo-site.png","width":460,"height":123,"caption":"Grupo Matizes - Pela livre express\u00e3o sexual"},"image":{"@id":"https:\/\/matizes.org.br\/site\/#\/schema\/logo\/image\/"},"sameAs":["https:\/\/www.facebook.com\/grupomatizes\/","https:\/\/www.instagram.com\/matizesteresina\/","https:\/\/www.youtube.com\/user\/matizes1000\/videos"]}]}},"_links":{"self":[{"href":"https:\/\/matizes.org.br\/site\/wp-json\/wp\/v2\/pages\/512","targetHints":{"allow":["GET"]}}],"collection":[{"href":"https:\/\/matizes.org.br\/site\/wp-json\/wp\/v2\/pages"}],"about":[{"href":"https:\/\/matizes.org.br\/site\/wp-json\/wp\/v2\/types\/page"}],"author":[{"embeddable":true,"href":"https:\/\/matizes.org.br\/site\/wp-json\/wp\/v2\/users\/1"}],"replies":[{"embeddable":true,"href":"https:\/\/matizes.org.br\/site\/wp-json\/wp\/v2\/comments?post=512"}],"version-history":[{"count":4,"href":"https:\/\/matizes.org.br\/site\/wp-json\/wp\/v2\/pages\/512\/revisions"}],"predecessor-version":[{"id":675,"href":"https:\/\/matizes.org.br\/site\/wp-json\/wp\/v2\/pages\/512\/revisions\/675"}],"wp:featuredmedia":[{"embeddable":true,"href":"https:\/\/matizes.org.br\/site\/wp-json\/wp\/v2\/media\/508"}],"wp:attachment":[{"href":"https:\/\/matizes.org.br\/site\/wp-json\/wp\/v2\/media?parent=512"}],"curies":[{"name":"wp","href":"https:\/\/api.w.org\/{rel}","templated":true}]}}